{"id":2304,"date":"2025-02-21T21:55:16","date_gmt":"2025-02-21T20:55:16","guid":{"rendered":"https:\/\/ournormal.org\/?page_id=2304"},"modified":"2025-11-11T22:03:30","modified_gmt":"2025-11-11T21:03:30","slug":"connecting-families","status":"publish","type":"page","link":"https:\/\/ournormal.org\/en\/for-families\/connecting-families\/","title":{"rendered":"Connecting families"},"content":{"rendered":"\n<section class=\"text-list container--narrow\">\n\t<div class=\"container\">\n\t\t<div class=\"text-list__wrapper\">\n\t\t\t\t\t\t\t\t\t\t<ul>\n\t\t\t\t\t\t\t\t\t\t\t\t\t\t\t\t\t\t\t\t\t\t\t\t\t\t\t\t\t\t\t\t\t\t\t<li class=\"text-list__item\">\n\t\t\t\t\t\t\t\t\t\t\t\t\t\t<div class=\"text-list__item__line\">\n\t\t\t\t\t\t\t\t<div class=\"text-list__item__content\">\n\t\t\t\t\t\t\t\t\t\t\t\t\t\t\t\t\t\t\t\t\t\t\t\t\t\t\t\t\t\t<h2 class=\"text-list__item__title\">\n\t\t\t\t\t\t\t\t\t\t\t\tPlatform connecting families\t\t\t\t\t\t\t\t\t\t\t<\/h2>\n\t\t\t\t\t\t\t\t\t\t\t\t\t\t\t\t\t\t\t\t\t\t\t\t\t\t\t\t\t\t\t\t\t\t\t\t<\/div>\n\t\t\t\t\t\t\t\t\t\t\t\t\t\t\t\t\t<a\n\tclass=\"btn\"\n\thref=\"https:\/\/connectingfamilies.ournormal.org\/en\/\"\n\ttarget=\"_blank\"\n\t>\n\tTo social platform<\/a>\n\t\t\t\t\t\t\t\t\t\t\t\t\t\t\t<\/div>\n\t\t\t\t\t\t<\/li>\n\t\t\t\t\t\t\t\t\t\t\t\t\t\t\t\t\t\t\t\t\t\t\t\t\t\t\t\t\t\t\t\t\t\t\t<li class=\"text-list__item\">\n\t\t\t\t\t\t\t\t\t\t\t\t\t\t<div class=\"text-list__item__line\">\n\t\t\t\t\t\t\t\t<div class=\"text-list__item__content\">\n\t\t\t\t\t\t\t\t\t\t\t\t\t\t\t\t\t\t\t\t\t\t\t\t\t\t\t\t\t\t<h2 class=\"text-list__item__title\">\n\t\t\t\t\t\t\t\t\t\t\t\tCreate family profile\t\t\t\t\t\t\t\t\t\t\t<\/h2>\n\t\t\t\t\t\t\t\t\t\t\t\t\t\t\t\t\t\t\t\t\t\t\t\t\t\t\t\t\t\t\t\t\t\t\t\t<\/div>\n\t\t\t\t\t\t\t\t\t\t\t\t\t\t\t\t\t<a\n\tclass=\"btn\"\n\thref=\"https:\/\/connectingfamilies.ournormal.org\/en\/create-family-profile\/\"\n\ttarget=\"_blank\"\n\t>\n\tCreate family profile<\/a>\n\t\t\t\t\t\t\t\t\t\t\t\t\t\t\t<\/div>\n\t\t\t\t\t\t<\/li>\n\t\t\t\t\t\t\t\t\t\t\t\t\t\t\t\t\t\t\t\t\t\t\t\t\t\t\t\t\t\t\t\t\t\t\t<li class=\"text-list__item\">\n\t\t\t\t\t\t\t\t\t\t\t\t\t\t<div class=\"text-list__item__line\">\n\t\t\t\t\t\t\t\t<div class=\"text-list__item__content\">\n\t\t\t\t\t\t\t\t\t\t\t\t\t\t\t\t\t\t\t\t\t\t\t\t\t\t\t\t\t\t<h2 class=\"text-list__item__title\">\n\t\t\t\t\t\t\t\t\t\t\t\tLog in\t\t\t\t\t\t\t\t\t\t\t<\/h2>\n\t\t\t\t\t\t\t\t\t\t\t\t\t\t\t\t\t\t\t\t\t\t\t\t\t\t\t\t\t\t\t\t\t\t\t\t<\/div>\n\t\t\t\t\t\t\t\t\t\t\t\t\t\t\t\t\t<a\n\tclass=\"btn\"\n\thref=\"https:\/\/connectingfamilies.ournormal.org\/en\/login\/\"\n\ttarget=\"_blank\"\n\t>\n\tLog in<\/a>\n\t\t\t\t\t\t\t\t\t\t\t\t\t\t\t<\/div>\n\t\t\t\t\t\t<\/li>\n\t\t\t\t\t\t\t\t\t<\/ul>\n\t\t\t\t\t<\/div>\n\t<\/div>\n<\/section>\n\n\n\n<section class=\"advanced-block\">\n\t<div class=\"container\">\n\t\t\t\t\t<div class=\"section-grid \">\n\t\t\t\t<div class=\"section-grid__logo col-1 \">\n\t\t\t\t\t\t\t\t<\/div>\n\t\t\t\t<div class=\"advanced-block__heading section-grid__heading col-2\">\n\t\t\t\t\t\t\t\t\t\t\t\t\t\t\t\t\t\t<h2 class=\"section-grid__heading__subtitle\">What is Our Normal&#8217;s social platform?<\/h2>\n\t\t\t\t\t\t\t\t\t\t\t\t\t\t\t\t\t\t\t\t\t\t<div class=\"section-grid__heading__preamble richtext\"><p data-start=\"101\" data-end=\"499\">The meeting place is a digital contact platform open to families with children who have different diagnoses and\/or disabilities. The service makes it possible for families to find each other based on various aspects \u2013 such as diagnosis, interests, age, location and more. Here, it goes without saying that we see each other as individuals first, and that a diagnosis is only one part of who we are.<\/p>\n<p data-start=\"501\" data-end=\"676\">The service does not offer discussion forums or general advice for families \u2013 the focus is entirely on enabling individual connections. Between parents, children and siblings.<\/p>\n<\/div>\n\t\t\t\t\t\t\t\t\t<\/div>\n\t\t\t\t\t\t\t<\/div>\n\t\t\t\t\t\t\t<div class=\"advanced-block__content\">\n\t\t\t\t\t\t\t\t\t\t\t\t\t\t\t\t\t\t\t\t\t\t\t\t\t\t\t\t\t\t\t\t\t\t<div class=\"advanced-block__content__media advanced-block__content__media--img advanced-block__container \">\n\t\t\t\t\t\t\t\t\t\t<img loading=\"lazy\" decoding=\"async\" width=\"785\" height=\"442\" src=\"https:\/\/ournormal.org\/wp-content\/uploads\/2025\/08\/new_thisis-870x490.jpg\" class=\"attachment-landscape size-landscape\" alt=\"Barn och vuxna leker bland s\u00e5pbubblor p\u00e5 en utomhusscen\" \/>\t\t\t\t\t\t\t\t\t\t\t\t\t\t\t\t\t\t\t<\/div>\n\t\t\t\t\t\t\t\t\t\t\t\t\t\t\t\t\t\t\t\t\t<\/div>\n\t\t\t<\/div>\n<\/section>\n\n\n\n<section class=\"advanced-block advanced-block--decorated\">\n\t<div class=\"container\">\n\t\t\t\t\t<div class=\"section-grid has-heading-items\">\n\t\t\t\t<div class=\"section-grid__logo col-1 has-logo\">\n\t\t\t\t\t\t\t\t\t\t\t\t\t\t\t<img decoding=\"async\" src=\"https:\/\/ournormal.org\/wp-content\/uploads\/2025\/02\/block_logo.svg\" class=\"attachment-full size-full\" alt=\"Hur jobbar Our Normal?\" \/>\t\t\t\t\t\t\t\t\t\t\t\t\t\t\t\t<h2 class=\"advanced-block__title section-grid__title\">How does the digital social platform work?<\/h2>\n\t\t\t\t\t\t\t\t\t\t\t\t\t<\/div>\n\t\t\t\t<div class=\"advanced-block__heading section-grid__heading col-2\">\n\t\t\t\t\t\t\t\t\t\t\t\t\t\t\t\t\t\t<h3 class=\"section-grid__heading__subtitle\">The platform enables family-to-family connections. Here\u2019s how it works:<\/h3>\n\t\t\t\t\t\t\t\t\t\t\t\t\t\t\t\t\t\t\t\t<\/div>\n\t\t\t\t\t\t\t\t\t<div class=\"col-3\">\n\t\t\t\t\t\t<a\n\tclass=\"btn btn--small\"\n\thref=\"http:\/\/connectingfamilies.ournormal.org\/skapa-familjeprofil\/\"\n\ttarget=\"_blank\"\n\t>\n\tBecome a member<\/a>\n\t\t\t\t\t<\/div>\n\t\t\t\t\t\t\t<\/div>\n\t\t\t\t\t\t\t<div class=\"advanced-block__content\">\n\t\t\t\t\t\t\t\t\t\t\t\t\t\t\t\t\t\t\t\t\t\t\t\t\t\t\t\t\t\t\t\t\t<div class=\"advanced-block__content__grid section-grid\">\n\t\t\t\t\t\t\t\t\t<div class=\"advanced-block__content__grid__title col-1\">\n\t\t\t\t\t\t\t\t\t\t\t\t\t\t\t\t\t\t\t<\/div>\n\t\t\t\t\t\t\t\t\t\t\t\t\t\t\t\t\t\t\t<ul class=\"advanced-block__columns\">\n\t\t\t\t\t\t\t\t\t\t\t\t\t\t\t\t\t\t\t\t\t\t\t\t\t\t\t\t\t\t\t\t\t\t\t\t\t\t\t\t\t\t\t<li class=\"advanced-block__columns__item\">\n\t\t\t\t\t\t\t\t\t\t\t\t\t\t\t\t\t\t\t\t\t\t\t\t\t<div class=\"advanced-block__columns__item__icon\">\n\t\t\t\t\t\t\t\t\t\t\t\t\t\t\t\t\t\t\t\t\t\t\t\t\t\t\t\t\t<span class=\"dashicons dashicons-admin-tools\">\n\t\t\t\t\t\t\t\t\t\t\t\t\t\t\t\t\t\t\t\t\t\t\t\t\t\t\t<\/div>\n\t\t\t\t\t\t\t\t\t\t\t\t\t\t\t\t\t\t\t\t\t\t\t\t\t\t\t\t\t\t\t\t\t\t\t\t\t<span class=\"advanced-block__columns__item__title\">Sign up for free<\/span>\n\t\t\t\t\t\t\t\t\t\t\t\t\t\t\t\t\t\t\t\t\t\t\t\t\t\t\t\t\t\t\t\t\t\t\t\t\t<div class=\"advanced-block__columns__item__description\">Use the links above to sign up with your email and a password of your choice. Then just confirm your account via the email we\u2019ll send you.<\/div>\n\t\t\t\t\t\t\t\t\t\t\t\t\t\t\t\t\t\t\t\t\t\t\t\t\t\t\t\t\t\t\t\t\t\t\t<\/li>\n\t\t\t\t\t\t\t\t\t\t\t\t\t\t\t\t\t\t\t\t\t\t\t\t\t\t\t\t\t\t\t\t\t\t\t\t\t\t\t\t\t\t\t<li class=\"advanced-block__columns__item\">\n\t\t\t\t\t\t\t\t\t\t\t\t\t\t\t\t\t\t\t\t\t\t\t\t\t<div class=\"advanced-block__columns__item__icon\">\n\t\t\t\t\t\t\t\t\t\t\t\t\t\t\t\t\t\t\t\t\t\t\t\t\t\t\t\t\t<span class=\"dashicons dashicons-welcome-write-blog\">\n\t\t\t\t\t\t\t\t\t\t\t\t\t\t\t\t\t\t\t\t\t\t\t\t\t\t\t<\/div>\n\t\t\t\t\t\t\t\t\t\t\t\t\t\t\t\t\t\t\t\t\t\t\t\t\t\t\t\t\t\t\t\t\t\t\t\t\t<span class=\"advanced-block__columns__item__title\">Create your family presentation<\/span>\n\t\t\t\t\t\t\t\t\t\t\t\t\t\t\t\t\t\t\t\t\t\t\t\t\t\t\t\t\t\t\t\t\t\t\t\t\t<div class=\"advanced-block__columns__item__description\">Choose a profile name, a photo, and tags that describe your family \u2013 such as experiences, your children\u2019s ages, and interests. On your profile page, you can also share your family story \u2013 entirely on your own terms.<\/div>\n\t\t\t\t\t\t\t\t\t\t\t\t\t\t\t\t\t\t\t\t\t\t\t\t\t\t\t\t\t\t\t\t\t\t\t<\/li>\n\t\t\t\t\t\t\t\t\t\t\t\t\t\t\t\t\t\t\t\t\t\t\t\t\t\t\t\t\t\t\t\t\t\t\t\t\t\t\t\t\t\t\t<li class=\"advanced-block__columns__item\">\n\t\t\t\t\t\t\t\t\t\t\t\t\t\t\t\t\t\t\t\t\t\t\t\t\t<div class=\"advanced-block__columns__item__icon\">\n\t\t\t\t\t\t\t\t\t\t\t\t\t\t\t\t\t\t\t\t\t\t\t\t\t\t\t\t\t<span class=\"dashicons dashicons-yes-alt\">\n\t\t\t\t\t\t\t\t\t\t\t\t\t\t\t\t\t\t\t\t\t\t\t\t\t\t\t<\/div>\n\t\t\t\t\t\t\t\t\t\t\t\t\t\t\t\t\t\t\t\t\t\t\t\t\t\t\t\t\t\t\t\t\t\t\t\t\t<span class=\"advanced-block__columns__item__title\">Done!<\/span>\n\t\t\t\t\t\t\t\t\t\t\t\t\t\t\t\t\t\t\t\t\t\t\t\t\t\t\t\t\t\t\t\t\t\t\t\t\t<div class=\"advanced-block__columns__item__description\">Ready to find and message other families? They can find you too. A new family friend might be just a click away!<\/div>\n\t\t\t\t\t\t\t\t\t\t\t\t\t\t\t\t\t\t\t\t\t\t\t\t\t\t\t\t\t\t\t\t\t\t\t<\/li>\n\t\t\t\t\t\t\t\t\t\t\t\t\t\t\t\t\t\t\t<\/ul>\n\t\t\t\t\t\t\t\t\t\t\t\t\t\t\t\t\t\t\t\t\t\t\t\t\t\t<\/div>\n\t\t\t\t\t\t\t\t\t\t\t\t\t\t\t\t\t\t\t\t<\/div>\n\t\t\t<\/div>\n<\/section>\n\n\n<div class=\"wp-block-paragraph\">\n<p class=\"has-text-align-left\"><\/p>\n<\/div>\n\n\n<section class=\"advanced-block\">\n\t<div class=\"container\">\n\t\t\t\t\t<div class=\"section-grid has-heading-items\">\n\t\t\t\t<div class=\"section-grid__logo col-1 \">\n\t\t\t\t\t\t\t\t\t\t\t\t\t\t\t\t\t\t\t\t<h2 class=\"advanced-block__title section-grid__title\">Video: How to easily create a profile<\/h2>\n\t\t\t\t\t\t\t\t\t\t\t\t\t<\/div>\n\t\t\t\t<div class=\"advanced-block__heading section-grid__heading col-2\">\n\t\t\t\t\t\t\t\t\t\t\t\t\t\t<\/div>\n\t\t\t\t\t\t\t<\/div>\n\t\t\t\t\t\t\t<div class=\"advanced-block__content\">\n\t\t\t\t\t\t\t\t\t\t\t\t\t\t\t\t\t\t\t\t\t\t\t\t\t\t\t\t\t\t\t\t\t\t\t\t\t<div class=\"advanced-block__content__media advanced-block__content__media--video advanced-block__container\">\n\t\t\t\t\t\t\t\t\t\t\t\t\t<video class=\"advanced-block__video js-video\" poster=\"https:\/\/ournormal.org\/wp-content\/uploads\/2025\/08\/photo-1469131792215-9c8aaff71393-1024x683.jpeg\">\n\t\t\t\t\t\t\t\t\t\t\t\t\t\t<source src=\"https:\/\/ournormal.org\/wp-content\/uploads\/2025\/10\/Sa-funkar-det-Anonymiserad-komp.mp4\" type=\"video\/mp4\">\n\t\t\t\t\t\t\t\t\t\t\t\t\t\tYour browser does not support the video tag.\n\t\t\t\t\t\t\t\t\t\t\t\t\t<\/video>\n\t\t\t\t\t\t\t\t\t\t\t\t\t<button class=\"custom-play-btn js-play-btn\" aria-label=\"Play video\"><\/button>\n\t\t\t\t\t\t\t\t\t\t\t\t<\/div>\n\t\t\t\t\t\t\t\t\t\t\t\t\t\t\t\t\t\t\t\t\t\t\t\t<\/div>\n\t\t\t<\/div>\n<\/section>\n\n\n\n<section class=\"accordion-block js-accordion\">\n\t<div class=\"container section-grid\">\n\t\t\t\t\t<div class=\"accordion-block__title col-1\">\n\t\t\t\t<h2>FAQ about the digital social platform<\/h2>\n\t\t\t<\/div>\n\t\t\n\t\t\t\t\t<div class=\"accordion-block__list\">\n\t\t\t\t\t\t\t\t\t\t\t\t\t\t\t\t\t\t\t<div class=\"accordion-block__item\">\n\t\t\t\t\t\t\t\t\t\t\t\t\t<div class=\"accordion-block__item__name js-accordion-name\">Who can see our family profile?<\/div>\n\t\t\t\t\t\t\t\t\t\t\t\t\t\t\t\t\t\t\t<div class=\"accordion-block__item__value richtext js-accordion-value\"><p>Family profiles are only visible to other registered members, and your own profile page is protected by your username and password. The information cannot be accessed by anyone without an account and is not searchable via search engines like Google.<\/p>\n<\/div>\n\t\t\t\t\t\t\t\t\t\t\t<\/div>\n\t\t\t\t\t\t\t\t\t\t\t\t\t\t\t\t\t\t\t<div class=\"accordion-block__item\">\n\t\t\t\t\t\t\t\t\t\t\t\t\t<div class=\"accordion-block__item__name js-accordion-name\">How do I contact other families?<\/div>\n\t\t\t\t\t\t\t\t\t\t\t\t\t\t\t\t\t\t\t<div class=\"accordion-block__item__value richtext js-accordion-value\"><p>You contact another family using the platform\u2019s messaging feature. When you send a message, the other family receives an email notification and can reply through the same messaging function.<\/p>\n<\/div>\n\t\t\t\t\t\t\t\t\t\t\t<\/div>\n\t\t\t\t\t\t\t\t\t\t\t\t\t\t\t\t\t\t\t<div class=\"accordion-block__item\">\n\t\t\t\t\t\t\t\t\t\t\t\t\t<div class=\"accordion-block__item__name js-accordion-name\">How do I save family contacts?<\/div>\n\t\t\t\t\t\t\t\t\t\t\t\t\t\t\t\t\t\t\t<div class=\"accordion-block__item__value richtext js-accordion-value\"><p>If you find a family you might want to connect with in the future, you can choose \u201cFollow this family.\u201d This saves a reminder of their profile to your own page, under the section \u201cFamilies I Follow.\u201d<\/p>\n<\/div>\n\t\t\t\t\t\t\t\t\t\t\t<\/div>\n\t\t\t\t\t\t\t\t\t\t\t\t\t\t\t\t\t\t\t<div class=\"accordion-block__item\">\n\t\t\t\t\t\t\t\t\t\t\t\t\t<div class=\"accordion-block__item__name js-accordion-name\">How is info about diagnoses or disabilities shown in a profile?<\/div>\n\t\t\t\t\t\t\t\t\t\t\t\t\t\t\t\t\t\t\t<div class=\"accordion-block__item__value richtext js-accordion-value\"><p data-start=\"80\" data-end=\"494\">Diversity in abilities related to mobility, communication, learning, and\/or concentration?<br data-start=\"174\" data-end=\"177\" \/>A specific diagnose or disability such as <em>visual or hearing impairment, cerebral palsy, Down syndrome, chromosome disorder, muscular disease, Dravet syndrome, Williams syndrome, autism, rare disease, Asperger\u2019s, epilepsy, intellectual disability, physical disability, ADHD?<\/em> Or something else that is simply part of your family\u2019s everyday life?<\/p>\n<p data-start=\"496\" data-end=\"808\">To indicate the diagnoses\/disabilities your family has experience with, you can choose to describe them in general terms or be more specific. As a family, you decide the level of detail, but keep in mind \u2013 the more specific you are, the easier it is for others to find and connect with you.<\/p>\n<\/div>\n\t\t\t\t\t\t\t\t\t\t\t<\/div>\n\t\t\t\t\t\t\t\t\t\t\t\t\t\t\t\t\t\t\t<div class=\"accordion-block__item\">\n\t\t\t\t\t\t\t\t\t\t\t\t\t<div class=\"accordion-block__item__name js-accordion-name\">Is Our Normal\u2019s digital social platform free to use?<\/div>\n\t\t\t\t\t\t\t\t\t\t\t\t\t\t\t\t\t\t\t<div class=\"accordion-block__item__value richtext js-accordion-value\"><p>Yes, Our Normal\u2019s digital meeting place is free of charge and does not involve any recurring or fixed monthly fees.<\/p>\n<\/div>\n\t\t\t\t\t\t\t\t\t\t\t<\/div>\n\t\t\t\t\t\t\t\t\t\t\t\t\t\t\t\t\t\t\t<div class=\"accordion-block__item\">\n\t\t\t\t\t\t\t\t\t\t\t\t\t<div class=\"accordion-block__item__name js-accordion-name\">How can you help other families find new connections through Our Normal&#8217;s platform?<\/div>\n\t\t\t\t\t\t\t\t\t\t\t\t\t\t\t\t\t\t\t<div class=\"accordion-block__item__value richtext js-accordion-value\"><p data-start=\"751\" data-end=\"943\">We truly appreciate your interest in helping raise awareness about our platform for connecting families. By sharing our message, you support families in finding one another and building meaningful, lasting connections.<\/p>\n<p data-start=\"945\" data-end=\"1100\">To assist you, we\u2019ve prepared a communications toolkit with resources for spreading the word about Our Normal\u2019s platform. You can read more and order <a href=\"https:\/\/connectingfamilies.ournormal.org\/en\/become-ambassador\/\">the material here.<\/a><\/p>\n<\/div>\n\t\t\t\t\t\t\t\t\t\t\t<\/div>\n\t\t\t\t\t\t\t\t\t\t\t\t\t\t\t\t\t\t\t<div class=\"accordion-block__item\">\n\t\t\t\t\t\t\t\t\t\t\t\t\t<div class=\"accordion-block__item__name js-accordion-name\">How is the development and maintenance of the service financed?<\/div>\n\t\t\t\t\t\t\t\t\t\t\t\t\t\t\t\t\t\t\t<div class=\"accordion-block__item__value richtext js-accordion-value\"><p data-start=\"962\" data-end=\"1252\">The platform was developed with support from the Swedish Fund Arvsfonden and funding aimed at social innovation. Its ongoing management relies on a combination of voluntary contributions, grants, donations, and sponsorships.<\/p>\n<p data-start=\"1254\" data-end=\"1417\">Importantly, no partners are granted access to any private information shared in family profiles. Full details are outlined in our <a href=\"http:\/\/connectingfamilies.ournormal.org\/en\/terms-of-use\/\" target=\"_blank\" rel=\"noopener\">Terms of Use<\/a> and <a href=\"https:\/\/connectingfamilies.ournormal.org\/en\/privacy-policy\/\" target=\"_blank\" rel=\"noopener\">Privacy Policy<\/a>.<\/p>\n<\/div>\n\t\t\t\t\t\t\t\t\t\t\t<\/div>\n\t\t\t\t\t\t\t<\/div>\n\t\t\t<\/div>\n<\/section>\n\n\n<div class=\"wp-block-paragraph\">\n<p><\/p>\n<\/div>","protected":false},"excerpt":{"rendered":"","protected":false},"author":3,"featured_media":1085,"parent":2334,"menu_order":0,"comment_status":"closed","ping_status":"closed","template":"","meta":{"_acf_changed":false,"footnotes":""},"class_list":["post-2304","page","type-page","status-publish","has-post-thumbnail","hentry"],"acf":[],"yoast_head":"<!-- This site is optimized with the Yoast SEO plugin v26.3 - https:\/\/yoast.com\/wordpress\/plugins\/seo\/ -->\n<title>Connecting families | Our normal<\/title>\n<meta name=\"robots\" content=\"index, follow, max-snippet:-1, max-image-preview:large, max-video-preview:-1\" \/>\n<link rel=\"canonical\" href=\"https:\/\/ournormal.org\/en\/for-families\/connecting-families\/\" \/>\n<meta property=\"og:locale\" content=\"en_US\" \/>\n<meta property=\"og:type\" content=\"article\" \/>\n<meta property=\"og:title\" content=\"Connecting families | Our normal\" \/>\n<meta property=\"og:url\" content=\"https:\/\/ournormal.org\/en\/for-families\/connecting-families\/\" \/>\n<meta property=\"og:site_name\" content=\"Our normal\" \/>\n<meta property=\"article:modified_time\" content=\"2025-11-11T21:03:30+00:00\" \/>\n<meta property=\"og:image\" content=\"https:\/\/ournormal.org\/wp-content\/uploads\/2025\/08\/080-1024x683.jpg\" \/>\n\t<meta property=\"og:image:width\" content=\"1024\" \/>\n\t<meta property=\"og:image:height\" content=\"683\" \/>\n\t<meta property=\"og:image:type\" content=\"image\/jpeg\" \/>\n<meta name=\"twitter:card\" content=\"summary_large_image\" \/>\n<meta name=\"twitter:label1\" content=\"Est. reading time\" \/>\n\t<meta name=\"twitter:data1\" content=\"1 minute\" \/>\n<script type=\"application\/ld+json\" class=\"yoast-schema-graph\">{\"@context\":\"https:\/\/schema.org\",\"@graph\":[{\"@type\":\"WebPage\",\"@id\":\"https:\/\/ournormal.org\/en\/for-families\/connecting-families\/\",\"url\":\"https:\/\/ournormal.org\/en\/for-families\/connecting-families\/\",\"name\":\"Connecting families | Our normal\",\"isPartOf\":{\"@id\":\"https:\/\/ournormal.org\/#website\"},\"primaryImageOfPage\":{\"@id\":\"https:\/\/ournormal.org\/en\/for-families\/connecting-families\/#primaryimage\"},\"image\":{\"@id\":\"https:\/\/ournormal.org\/en\/for-families\/connecting-families\/#primaryimage\"},\"thumbnailUrl\":\"https:\/\/ournormal.org\/wp-content\/uploads\/2025\/08\/080.jpg\",\"datePublished\":\"2025-02-21T20:55:16+00:00\",\"dateModified\":\"2025-11-11T21:03:30+00:00\",\"breadcrumb\":{\"@id\":\"https:\/\/ournormal.org\/en\/for-families\/connecting-families\/#breadcrumb\"},\"inLanguage\":\"en-US\",\"potentialAction\":[{\"@type\":\"ReadAction\",\"target\":[\"https:\/\/ournormal.org\/en\/for-families\/connecting-families\/\"]}]},{\"@type\":\"ImageObject\",\"inLanguage\":\"en-US\",\"@id\":\"https:\/\/ournormal.org\/en\/for-families\/connecting-families\/#primaryimage\",\"url\":\"https:\/\/ournormal.org\/wp-content\/uploads\/2025\/08\/080.jpg\",\"contentUrl\":\"https:\/\/ournormal.org\/wp-content\/uploads\/2025\/08\/080.jpg\",\"width\":5000,\"height\":3333,\"caption\":\"Ett barns ben och f\u00f6tter sticker upp fr\u00e5n en uppbl\u00e5sbar soffa\"},{\"@type\":\"BreadcrumbList\",\"@id\":\"https:\/\/ournormal.org\/en\/for-families\/connecting-families\/#breadcrumb\",\"itemListElement\":[{\"@type\":\"ListItem\",\"position\":1,\"name\":\"Home\",\"item\":\"https:\/\/ournormal.org\/en\/\"},{\"@type\":\"ListItem\",\"position\":2,\"name\":\"For families\",\"item\":\"https:\/\/ournormal.org\/en\/for-families\/\"},{\"@type\":\"ListItem\",\"position\":3,\"name\":\"Connecting families\"}]},{\"@type\":\"WebSite\",\"@id\":\"https:\/\/ournormal.org\/#website\",\"url\":\"https:\/\/ournormal.org\/\",\"name\":\"Our normal\",\"description\":\"Designing inclusion together\",\"potentialAction\":[{\"@type\":\"SearchAction\",\"target\":{\"@type\":\"EntryPoint\",\"urlTemplate\":\"https:\/\/ournormal.org\/?s={search_term_string}\"},\"query-input\":{\"@type\":\"PropertyValueSpecification\",\"valueRequired\":true,\"valueName\":\"search_term_string\"}}],\"inLanguage\":\"en-US\"}]}<\/script>\n<!-- \/ Yoast SEO plugin. -->","yoast_head_json":{"title":"Connecting families | Our normal","robots":{"index":"index","follow":"follow","max-snippet":"max-snippet:-1","max-image-preview":"max-image-preview:large","max-video-preview":"max-video-preview:-1"},"canonical":"https:\/\/ournormal.org\/en\/for-families\/connecting-families\/","og_locale":"en_US","og_type":"article","og_title":"Connecting families | Our normal","og_url":"https:\/\/ournormal.org\/en\/for-families\/connecting-families\/","og_site_name":"Our normal","article_modified_time":"2025-11-11T21:03:30+00:00","og_image":[{"width":1024,"height":683,"url":"https:\/\/ournormal.org\/wp-content\/uploads\/2025\/08\/080-1024x683.jpg","type":"image\/jpeg"}],"twitter_card":"summary_large_image","twitter_misc":{"Est. reading time":"1 minute"},"schema":{"@context":"https:\/\/schema.org","@graph":[{"@type":"WebPage","@id":"https:\/\/ournormal.org\/en\/for-families\/connecting-families\/","url":"https:\/\/ournormal.org\/en\/for-families\/connecting-families\/","name":"Connecting families | Our normal","isPartOf":{"@id":"https:\/\/ournormal.org\/#website"},"primaryImageOfPage":{"@id":"https:\/\/ournormal.org\/en\/for-families\/connecting-families\/#primaryimage"},"image":{"@id":"https:\/\/ournormal.org\/en\/for-families\/connecting-families\/#primaryimage"},"thumbnailUrl":"https:\/\/ournormal.org\/wp-content\/uploads\/2025\/08\/080.jpg","datePublished":"2025-02-21T20:55:16+00:00","dateModified":"2025-11-11T21:03:30+00:00","breadcrumb":{"@id":"https:\/\/ournormal.org\/en\/for-families\/connecting-families\/#breadcrumb"},"inLanguage":"en-US","potentialAction":[{"@type":"ReadAction","target":["https:\/\/ournormal.org\/en\/for-families\/connecting-families\/"]}]},{"@type":"ImageObject","inLanguage":"en-US","@id":"https:\/\/ournormal.org\/en\/for-families\/connecting-families\/#primaryimage","url":"https:\/\/ournormal.org\/wp-content\/uploads\/2025\/08\/080.jpg","contentUrl":"https:\/\/ournormal.org\/wp-content\/uploads\/2025\/08\/080.jpg","width":5000,"height":3333,"caption":"Ett barns ben och f\u00f6tter sticker upp fr\u00e5n en uppbl\u00e5sbar soffa"},{"@type":"BreadcrumbList","@id":"https:\/\/ournormal.org\/en\/for-families\/connecting-families\/#breadcrumb","itemListElement":[{"@type":"ListItem","position":1,"name":"Home","item":"https:\/\/ournormal.org\/en\/"},{"@type":"ListItem","position":2,"name":"For families","item":"https:\/\/ournormal.org\/en\/for-families\/"},{"@type":"ListItem","position":3,"name":"Connecting families"}]},{"@type":"WebSite","@id":"https:\/\/ournormal.org\/#website","url":"https:\/\/ournormal.org\/","name":"Our normal","description":"Designing inclusion together","potentialAction":[{"@type":"SearchAction","target":{"@type":"EntryPoint","urlTemplate":"https:\/\/ournormal.org\/?s={search_term_string}"},"query-input":{"@type":"PropertyValueSpecification","valueRequired":true,"valueName":"search_term_string"}}],"inLanguage":"en-US"}]}},"_links":{"self":[{"href":"https:\/\/ournormal.org\/en\/wp-json\/wp\/v2\/pages\/2304","targetHints":{"allow":["GET"]}}],"collection":[{"href":"https:\/\/ournormal.org\/en\/wp-json\/wp\/v2\/pages"}],"about":[{"href":"https:\/\/ournormal.org\/en\/wp-json\/wp\/v2\/types\/page"}],"author":[{"embeddable":true,"href":"https:\/\/ournormal.org\/en\/wp-json\/wp\/v2\/users\/3"}],"replies":[{"embeddable":true,"href":"https:\/\/ournormal.org\/en\/wp-json\/wp\/v2\/comments?post=2304"}],"version-history":[{"count":9,"href":"https:\/\/ournormal.org\/en\/wp-json\/wp\/v2\/pages\/2304\/revisions"}],"predecessor-version":[{"id":2527,"href":"https:\/\/ournormal.org\/en\/wp-json\/wp\/v2\/pages\/2304\/revisions\/2527"}],"up":[{"embeddable":true,"href":"https:\/\/ournormal.org\/en\/wp-json\/wp\/v2\/pages\/2334"}],"wp:featuredmedia":[{"embeddable":true,"href":"https:\/\/ournormal.org\/en\/wp-json\/wp\/v2\/media\/1085"}],"wp:attachment":[{"href":"https:\/\/ournormal.org\/en\/wp-json\/wp\/v2\/media?parent=2304"}],"curies":[{"name":"wp","href":"https:\/\/api.w.org\/{rel}","templated":true}]}}