{"id":2313,"date":"2025-02-21T22:23:27","date_gmt":"2025-02-21T21:23:27","guid":{"rendered":"https:\/\/ournormal.org\/?page_id=2313"},"modified":"2025-11-11T21:56:09","modified_gmt":"2025-11-11T20:56:09","slug":"cases","status":"publish","type":"page","link":"https:\/\/ournormal.org\/en\/for-companies\/cases\/","title":{"rendered":"Cases"},"content":{"rendered":"\n<div class=\"cases \">\n\t<div class=\"cases__wrapper container js-case-grid\">\n\t\t<div class=\"cases__grid\" data-num=\"4\">\n\t\t\t\t\t\t\t\n<div class=\"cases__grid__item\">\n\t\t\t<div class=\"cases__grid__item__img\"><img loading=\"lazy\" decoding=\"async\" width=\"785\" height=\"442\" src=\"https:\/\/ournormal.org\/wp-content\/uploads\/2025\/09\/Sapbubblor-med-ikoner-870x490.png\" class=\"attachment-landscape size-landscape\" alt=\"\" srcset=\"https:\/\/ournormal.org\/wp-content\/uploads\/2025\/09\/Sapbubblor-med-ikoner-870x490.png 870w, https:\/\/ournormal.org\/wp-content\/uploads\/2025\/09\/Sapbubblor-med-ikoner-300x169.png 300w, https:\/\/ournormal.org\/wp-content\/uploads\/2025\/09\/Sapbubblor-med-ikoner-1024x576.png 1024w, https:\/\/ournormal.org\/wp-content\/uploads\/2025\/09\/Sapbubblor-med-ikoner-768x432.png 768w, https:\/\/ournormal.org\/wp-content\/uploads\/2025\/09\/Sapbubblor-med-ikoner-1185x665.png 1185w, https:\/\/ournormal.org\/wp-content\/uploads\/2025\/09\/Sapbubblor-med-ikoner-1380x776.png 1380w\" sizes=\"auto, (max-width: 785px) 100vw, 785px\" \/><\/div>\n\t\t<div class=\"cases__grid__item__content\">\n\t\t\t\t\t<h2 class=\"cases__grid__item__title\">Citiverse (EU)<\/h2>\n\t\t\t\t<a class=\"btn btn--small\" href=\"https:\/\/ournormal.org\/en\/case\/european-citiverses-uniting-for-inclusiveness\/\" class=\"case-link\">Read more<\/a>\n\t<\/div>\n<\/div>\n\t\t\t\t\t\t\t\n<div class=\"cases__grid__item\">\n\t\t\t<div class=\"cases__grid__item__img\"><img loading=\"lazy\" decoding=\"async\" width=\"785\" height=\"442\" src=\"https:\/\/ournormal.org\/wp-content\/uploads\/2025\/02\/IMG_5216-870x490.jpg\" class=\"attachment-landscape size-landscape\" alt=\"F\u00f6nster med f\u00e4rgglad affisch fr\u00e5n IKEA Museum. Texten lyder: &#039;Demokratisk design \u2013 v\u00e5rt s\u00e4tt att skapa en b\u00e4ttre vardag. Democratic Design \u2013 our way of creating a better everyday life&#039;\" srcset=\"https:\/\/ournormal.org\/wp-content\/uploads\/2025\/02\/IMG_5216-870x490.jpg 870w, https:\/\/ournormal.org\/wp-content\/uploads\/2025\/02\/IMG_5216-1185x665.jpg 1185w\" sizes=\"auto, (max-width: 785px) 100vw, 785px\" \/><\/div>\n\t\t<div class=\"cases__grid__item__content\">\n\t\t\t\t\t<h2 class=\"cases__grid__item__title\">IKEA<\/h2>\n\t\t\t\t<a class=\"btn btn--small\" href=\"https:\/\/ournormal.org\/en\/case\/ikea\/\" class=\"case-link\">Read the article<\/a>\n\t<\/div>\n<\/div>\n\t\t\t\t\t\t\t\n<div class=\"cases__grid__item\">\n\t\t\t<div class=\"cases__grid__item__img\"><img loading=\"lazy\" decoding=\"async\" width=\"785\" height=\"442\" src=\"https:\/\/ournormal.org\/wp-content\/uploads\/2025\/04\/BB230921ZK042-870x490.jpg\" class=\"attachment-landscape size-landscape\" alt=\"Ca 10-\u00e5rig tjej med en racerunner-cykel p\u00e5 friidrottsbana utomhus\" srcset=\"https:\/\/ournormal.org\/wp-content\/uploads\/2025\/04\/BB230921ZK042-870x490.jpg 870w, https:\/\/ournormal.org\/wp-content\/uploads\/2025\/04\/BB230921ZK042-1185x665.jpg 1185w\" sizes=\"auto, (max-width: 785px) 100vw, 785px\" \/><\/div>\n\t\t<div class=\"cases__grid__item__content\">\n\t\t\t\t\t<h2 class=\"cases__grid__item__title\">RF SISU<\/h2>\n\t\t\t\t<a class=\"btn btn--small\" href=\"https:\/\/ournormal.org\/en\/case\/rf-sisu\/\" class=\"case-link\">Read the article<\/a>\n\t<\/div>\n<\/div>\n\t\t\t\t\t\t\t\n<div class=\"cases__grid__item\">\n\t\t\t<div class=\"cases__grid__item__img\"><img loading=\"lazy\" decoding=\"async\" width=\"785\" height=\"442\" src=\"https:\/\/ournormal.org\/wp-content\/uploads\/2025\/02\/sitski_2-870x490.jpg\" class=\"attachment-landscape size-landscape\" alt=\"En person \u00e5ker sitski med st\u00f6d av en skidl\u00e4rare, b\u00e5da ler. Sn\u00f6t\u00e4ckta tr\u00e4d i bakgrunden\" srcset=\"https:\/\/ournormal.org\/wp-content\/uploads\/2025\/02\/sitski_2-870x490.jpg 870w, https:\/\/ournormal.org\/wp-content\/uploads\/2025\/02\/sitski_2-300x169.jpg 300w, https:\/\/ournormal.org\/wp-content\/uploads\/2025\/02\/sitski_2-1024x576.jpg 1024w, https:\/\/ournormal.org\/wp-content\/uploads\/2025\/02\/sitski_2-768x432.jpg 768w, https:\/\/ournormal.org\/wp-content\/uploads\/2025\/02\/sitski_2-1185x665.jpg 1185w, https:\/\/ournormal.org\/wp-content\/uploads\/2025\/02\/sitski_2-1380x776.jpg 1380w, https:\/\/ournormal.org\/wp-content\/uploads\/2025\/02\/sitski_2.jpg 1920w\" sizes=\"auto, (max-width: 785px) 100vw, 785px\" \/><\/div>\n\t\t<div class=\"cases__grid__item__content\">\n\t\t\t\t\t<h2 class=\"cases__grid__item__title\">Skistar<\/h2>\n\t\t\t\t<a class=\"btn btn--small\" href=\"https:\/\/ournormal.org\/en\/case\/skistar\/\" class=\"case-link\">Read the article<\/a>\n\t<\/div>\n<\/div>\n\t\t\t\t\t<\/div>\n\t\t\t<\/div>\n<\/div>\n\n\n\n<div class=\"wp-block-paragraph\">\n<p><\/p>\n<\/div>","protected":false},"excerpt":{"rendered":"","protected":false},"author":3,"featured_media":0,"parent":2307,"menu_order":0,"comment_status":"closed","ping_status":"closed","template":"","meta":{"_acf_changed":false,"footnotes":""},"class_list":["post-2313","page","type-page","status-publish","hentry"],"acf":[],"yoast_head":"<!-- This site is optimized with the Yoast SEO plugin v26.3 - https:\/\/yoast.com\/wordpress\/plugins\/seo\/ -->\n<title>Cases | Our normal<\/title>\n<meta name=\"robots\" content=\"index, follow, max-snippet:-1, max-image-preview:large, max-video-preview:-1\" \/>\n<link rel=\"canonical\" href=\"https:\/\/ournormal.org\/en\/for-companies\/cases\/\" \/>\n<meta property=\"og:locale\" content=\"en_US\" \/>\n<meta property=\"og:type\" content=\"article\" \/>\n<meta property=\"og:title\" content=\"Cases | Our normal\" \/>\n<meta property=\"og:url\" content=\"https:\/\/ournormal.org\/en\/for-companies\/cases\/\" \/>\n<meta property=\"og:site_name\" content=\"Our normal\" \/>\n<meta property=\"article:modified_time\" content=\"2025-11-11T20:56:09+00:00\" \/>\n<meta property=\"og:image\" content=\"https:\/\/ournormal.org\/wp-content\/uploads\/2025\/11\/unnamed.png\" \/>\n\t<meta property=\"og:image:width\" content=\"1600\" \/>\n\t<meta property=\"og:image:height\" content=\"900\" \/>\n\t<meta property=\"og:image:type\" content=\"image\/png\" \/>\n<meta name=\"twitter:card\" content=\"summary_large_image\" \/>\n<meta name=\"twitter:label1\" content=\"Est. reading time\" \/>\n\t<meta name=\"twitter:data1\" content=\"1 minute\" \/>\n<script type=\"application\/ld+json\" class=\"yoast-schema-graph\">{\"@context\":\"https:\/\/schema.org\",\"@graph\":[{\"@type\":\"WebPage\",\"@id\":\"https:\/\/ournormal.org\/en\/for-companies\/cases\/\",\"url\":\"https:\/\/ournormal.org\/en\/for-companies\/cases\/\",\"name\":\"Cases | Our normal\",\"isPartOf\":{\"@id\":\"https:\/\/ournormal.org\/#website\"},\"datePublished\":\"2025-02-21T21:23:27+00:00\",\"dateModified\":\"2025-11-11T20:56:09+00:00\",\"breadcrumb\":{\"@id\":\"https:\/\/ournormal.org\/en\/for-companies\/cases\/#breadcrumb\"},\"inLanguage\":\"en-US\",\"potentialAction\":[{\"@type\":\"ReadAction\",\"target\":[\"https:\/\/ournormal.org\/en\/for-companies\/cases\/\"]}]},{\"@type\":\"BreadcrumbList\",\"@id\":\"https:\/\/ournormal.org\/en\/for-companies\/cases\/#breadcrumb\",\"itemListElement\":[{\"@type\":\"ListItem\",\"position\":1,\"name\":\"Home\",\"item\":\"https:\/\/ournormal.org\/en\/\"},{\"@type\":\"ListItem\",\"position\":2,\"name\":\"For companies\",\"item\":\"https:\/\/ournormal.org\/en\/for-companies\/\"},{\"@type\":\"ListItem\",\"position\":3,\"name\":\"Cases\"}]},{\"@type\":\"WebSite\",\"@id\":\"https:\/\/ournormal.org\/#website\",\"url\":\"https:\/\/ournormal.org\/\",\"name\":\"Our normal\",\"description\":\"Designing inclusion together\",\"potentialAction\":[{\"@type\":\"SearchAction\",\"target\":{\"@type\":\"EntryPoint\",\"urlTemplate\":\"https:\/\/ournormal.org\/?s={search_term_string}\"},\"query-input\":{\"@type\":\"PropertyValueSpecification\",\"valueRequired\":true,\"valueName\":\"search_term_string\"}}],\"inLanguage\":\"en-US\"}]}<\/script>\n<!-- \/ Yoast SEO plugin. -->","yoast_head_json":{"title":"Cases | Our normal","robots":{"index":"index","follow":"follow","max-snippet":"max-snippet:-1","max-image-preview":"max-image-preview:large","max-video-preview":"max-video-preview:-1"},"canonical":"https:\/\/ournormal.org\/en\/for-companies\/cases\/","og_locale":"en_US","og_type":"article","og_title":"Cases | Our normal","og_url":"https:\/\/ournormal.org\/en\/for-companies\/cases\/","og_site_name":"Our normal","article_modified_time":"2025-11-11T20:56:09+00:00","og_image":[{"width":1600,"height":900,"url":"https:\/\/ournormal.org\/wp-content\/uploads\/2025\/11\/unnamed.png","type":"image\/png"}],"twitter_card":"summary_large_image","twitter_misc":{"Est. reading time":"1 minute"},"schema":{"@context":"https:\/\/schema.org","@graph":[{"@type":"WebPage","@id":"https:\/\/ournormal.org\/en\/for-companies\/cases\/","url":"https:\/\/ournormal.org\/en\/for-companies\/cases\/","name":"Cases | Our normal","isPartOf":{"@id":"https:\/\/ournormal.org\/#website"},"datePublished":"2025-02-21T21:23:27+00:00","dateModified":"2025-11-11T20:56:09+00:00","breadcrumb":{"@id":"https:\/\/ournormal.org\/en\/for-companies\/cases\/#breadcrumb"},"inLanguage":"en-US","potentialAction":[{"@type":"ReadAction","target":["https:\/\/ournormal.org\/en\/for-companies\/cases\/"]}]},{"@type":"BreadcrumbList","@id":"https:\/\/ournormal.org\/en\/for-companies\/cases\/#breadcrumb","itemListElement":[{"@type":"ListItem","position":1,"name":"Home","item":"https:\/\/ournormal.org\/en\/"},{"@type":"ListItem","position":2,"name":"For companies","item":"https:\/\/ournormal.org\/en\/for-companies\/"},{"@type":"ListItem","position":3,"name":"Cases"}]},{"@type":"WebSite","@id":"https:\/\/ournormal.org\/#website","url":"https:\/\/ournormal.org\/","name":"Our normal","description":"Designing inclusion together","potentialAction":[{"@type":"SearchAction","target":{"@type":"EntryPoint","urlTemplate":"https:\/\/ournormal.org\/?s={search_term_string}"},"query-input":{"@type":"PropertyValueSpecification","valueRequired":true,"valueName":"search_term_string"}}],"inLanguage":"en-US"}]}},"_links":{"self":[{"href":"https:\/\/ournormal.org\/en\/wp-json\/wp\/v2\/pages\/2313","targetHints":{"allow":["GET"]}}],"collection":[{"href":"https:\/\/ournormal.org\/en\/wp-json\/wp\/v2\/pages"}],"about":[{"href":"https:\/\/ournormal.org\/en\/wp-json\/wp\/v2\/types\/page"}],"author":[{"embeddable":true,"href":"https:\/\/ournormal.org\/en\/wp-json\/wp\/v2\/users\/3"}],"replies":[{"embeddable":true,"href":"https:\/\/ournormal.org\/en\/wp-json\/wp\/v2\/comments?post=2313"}],"version-history":[{"count":3,"href":"https:\/\/ournormal.org\/en\/wp-json\/wp\/v2\/pages\/2313\/revisions"}],"predecessor-version":[{"id":2524,"href":"https:\/\/ournormal.org\/en\/wp-json\/wp\/v2\/pages\/2313\/revisions\/2524"}],"up":[{"embeddable":true,"href":"https:\/\/ournormal.org\/en\/wp-json\/wp\/v2\/pages\/2307"}],"wp:attachment":[{"href":"https:\/\/ournormal.org\/en\/wp-json\/wp\/v2\/media?parent=2313"}],"curies":[{"name":"wp","href":"https:\/\/api.w.org\/{rel}","templated":true}]}}