{"id":2326,"date":"2025-08-21T09:46:32","date_gmt":"2025-08-21T07:46:32","guid":{"rendered":"https:\/\/ournormal.org\/?page_id=2326"},"modified":"2025-11-11T23:09:00","modified_gmt":"2025-11-11T22:09:00","slug":"newsletter","status":"publish","type":"page","link":"https:\/\/ournormal.org\/en\/newsletter\/","title":{"rendered":"Newsletter"},"content":{"rendered":"\n<section class=\"newsletter\">\n\t<div class=\"newsletter__wrapper section-grid\" style=\"background-color:#FFF3E1\">\n\t\t<div class=\"section-grid__logo col-1\">\n\t\t\t\t\t\t\t<img decoding=\"async\" src=\"https:\/\/ournormal.org\/wp-content\/uploads\/2025\/02\/nyhetsbrev.svg\" class=\"attachment-full size-full\" alt=\"Missa aldrig en viktig nyhet! Prenumerera p\u00e5 v\u00e5rt nyhetsbrev och h\u00e5ll dig uppdaterad.\" \/>\t\t\t\t\t\t\t\t\t\t<h2>Newsletter<\/h2>\n\t\t\t\t\t<\/div>\n\t\t<div class=\"newsletter__form col-2\">\n\t\t\t\t\t\t\t<div class=\"newsletter__form__content\">Don\u2019t miss a thing. Get the latest &#8211; you can opt out whenever you like.<\/div>\n\t\t\t\t\t\t\t\t\t\t<script>(function() {\n\twindow.mc4wp = window.mc4wp || {\n\t\tlisteners: [],\n\t\tforms: {\n\t\t\ton: function(evt, cb) {\n\t\t\t\twindow.mc4wp.listeners.push(\n\t\t\t\t\t{\n\t\t\t\t\t\tevent   : evt,\n\t\t\t\t\t\tcallback: cb\n\t\t\t\t\t}\n\t\t\t\t);\n\t\t\t}\n\t\t}\n\t}\n})();\n<\/script><!-- Mailchimp for WordPress v4.10.8 - https:\/\/wordpress.org\/plugins\/mailchimp-for-wp\/ --><form id=\"mc4wp-form-1\" class=\"mc4wp-form mc4wp-form-2433\" method=\"post\" data-id=\"2433\" data-name=\"Footer\" ><div class=\"mc4wp-form-fields\">  <div class=\"form-container\">\r\n    <p class=\"form-field\">\r\n      <input type=\"email\" id=\"email\" name=\"EMAIL\" placeholder=\"Email address\" required>\r\n      <label for=\"email\">Email address<\/label>\r\n    <\/p>\r\n\r\n    <fieldset class=\"checkbox-group\">\r\n      <legend>Approval<\/legend>\r\n      <p class=\"checkbox-field\">\r\n        <input type=\"checkbox\" id=\"agree\" name=\"AGREE_TO_TERMS\" value=\"1\" required>\r\n        <label for=\"agree\">\r\n            <span class=\"check-box\"><\/span>\r\n            I agree to\r\n        <\/label>\r\n        <a href=\"https:\/\/ournormal.org\/en\/privacy-policy\/\" target=\"_blank\" id=\"terms-link\">privacy policy<\/a>\r\n      <\/p>\r\n    <\/fieldset>\r\n <\/div>\r\n\r\n\r\n <p class=\"form-action\">\r\n    <button type=\"submit\" class=\"btn\">Subscribe<span style=\"display: inline-block; width: 0px; overflow: hidden; line-height: 0;\" data-mce-type=\"bookmark\" class=\"mce_SELRES_start\">\ufeff<\/span><\/button>\r\n<\/p><\/div><label style=\"display: none !important;\">Leave this field empty if you&#8217;re human: <input type=\"text\" name=\"_mc4wp_honeypot\" value=\"\" tabindex=\"-1\" autocomplete=\"off\" \/><\/label><input type=\"hidden\" name=\"_mc4wp_timestamp\" value=\"1776863733\" \/><input type=\"hidden\" name=\"_mc4wp_form_id\" value=\"2433\" \/><input type=\"hidden\" name=\"_mc4wp_form_element_id\" value=\"mc4wp-form-1\" \/><div class=\"mc4wp-response\"><\/div><\/form><!-- \/ Mailchimp for WordPress Plugin -->\t\t\t\t\t<\/div>\n\t<\/div>\n<\/section>\n\n\n<div class=\"wp-block-paragraph\">\n<p><\/p>\n<\/div>","protected":false},"excerpt":{"rendered":"","protected":false},"author":3,"featured_media":888,"parent":0,"menu_order":0,"comment_status":"closed","ping_status":"closed","template":"","meta":{"_acf_changed":false,"footnotes":""},"class_list":["post-2326","page","type-page","status-publish","has-post-thumbnail","hentry"],"acf":[],"yoast_head":"<!-- This site is optimized with the Yoast SEO plugin v26.3 - https:\/\/yoast.com\/wordpress\/plugins\/seo\/ -->\n<title>Newsletter | Our normal<\/title>\n<meta name=\"robots\" content=\"index, follow, max-snippet:-1, max-image-preview:large, max-video-preview:-1\" \/>\n<link rel=\"canonical\" href=\"https:\/\/ournormal.org\/en\/newsletter\/\" \/>\n<meta property=\"og:locale\" content=\"en_US\" \/>\n<meta property=\"og:type\" content=\"article\" \/>\n<meta property=\"og:title\" content=\"Newsletter | Our normal\" \/>\n<meta property=\"og:url\" content=\"https:\/\/ournormal.org\/en\/newsletter\/\" \/>\n<meta property=\"og:site_name\" content=\"Our normal\" \/>\n<meta property=\"article:modified_time\" content=\"2025-11-11T22:09:00+00:00\" \/>\n<meta property=\"og:image\" content=\"https:\/\/ournormal.org\/wp-content\/uploads\/2025\/08\/new_thisis.jpg\" \/>\n\t<meta property=\"og:image:width\" content=\"1080\" \/>\n\t<meta property=\"og:image:height\" content=\"816\" \/>\n\t<meta property=\"og:image:type\" content=\"image\/jpeg\" \/>\n<meta name=\"twitter:card\" content=\"summary_large_image\" \/>\n<meta name=\"twitter:label1\" content=\"Est. reading time\" \/>\n\t<meta name=\"twitter:data1\" content=\"1 minute\" \/>\n<script type=\"application\/ld+json\" class=\"yoast-schema-graph\">{\"@context\":\"https:\/\/schema.org\",\"@graph\":[{\"@type\":\"WebPage\",\"@id\":\"https:\/\/ournormal.org\/en\/newsletter\/\",\"url\":\"https:\/\/ournormal.org\/en\/newsletter\/\",\"name\":\"Newsletter | Our normal\",\"isPartOf\":{\"@id\":\"https:\/\/ournormal.org\/#website\"},\"primaryImageOfPage\":{\"@id\":\"https:\/\/ournormal.org\/en\/newsletter\/#primaryimage\"},\"image\":{\"@id\":\"https:\/\/ournormal.org\/en\/newsletter\/#primaryimage\"},\"thumbnailUrl\":\"https:\/\/ournormal.org\/wp-content\/uploads\/2025\/08\/new_thisis.jpg\",\"datePublished\":\"2025-08-21T07:46:32+00:00\",\"dateModified\":\"2025-11-11T22:09:00+00:00\",\"breadcrumb\":{\"@id\":\"https:\/\/ournormal.org\/en\/newsletter\/#breadcrumb\"},\"inLanguage\":\"en-US\",\"potentialAction\":[{\"@type\":\"ReadAction\",\"target\":[\"https:\/\/ournormal.org\/en\/newsletter\/\"]}]},{\"@type\":\"ImageObject\",\"inLanguage\":\"en-US\",\"@id\":\"https:\/\/ournormal.org\/en\/newsletter\/#primaryimage\",\"url\":\"https:\/\/ournormal.org\/wp-content\/uploads\/2025\/08\/new_thisis.jpg\",\"contentUrl\":\"https:\/\/ournormal.org\/wp-content\/uploads\/2025\/08\/new_thisis.jpg\",\"width\":1080,\"height\":816,\"caption\":\"Barn och vuxna leker bland s\u00e5pbubblor p\u00e5 en utomhusscen\"},{\"@type\":\"BreadcrumbList\",\"@id\":\"https:\/\/ournormal.org\/en\/newsletter\/#breadcrumb\",\"itemListElement\":[{\"@type\":\"ListItem\",\"position\":1,\"name\":\"Home\",\"item\":\"https:\/\/ournormal.org\/en\/\"},{\"@type\":\"ListItem\",\"position\":2,\"name\":\"Newsletter\"}]},{\"@type\":\"WebSite\",\"@id\":\"https:\/\/ournormal.org\/#website\",\"url\":\"https:\/\/ournormal.org\/\",\"name\":\"Our normal\",\"description\":\"Designing inclusion together\",\"potentialAction\":[{\"@type\":\"SearchAction\",\"target\":{\"@type\":\"EntryPoint\",\"urlTemplate\":\"https:\/\/ournormal.org\/?s={search_term_string}\"},\"query-input\":{\"@type\":\"PropertyValueSpecification\",\"valueRequired\":true,\"valueName\":\"search_term_string\"}}],\"inLanguage\":\"en-US\"}]}<\/script>\n<!-- \/ Yoast SEO plugin. -->","yoast_head_json":{"title":"Newsletter | Our normal","robots":{"index":"index","follow":"follow","max-snippet":"max-snippet:-1","max-image-preview":"max-image-preview:large","max-video-preview":"max-video-preview:-1"},"canonical":"https:\/\/ournormal.org\/en\/newsletter\/","og_locale":"en_US","og_type":"article","og_title":"Newsletter | Our normal","og_url":"https:\/\/ournormal.org\/en\/newsletter\/","og_site_name":"Our normal","article_modified_time":"2025-11-11T22:09:00+00:00","og_image":[{"width":1080,"height":816,"url":"https:\/\/ournormal.org\/wp-content\/uploads\/2025\/08\/new_thisis.jpg","type":"image\/jpeg"}],"twitter_card":"summary_large_image","twitter_misc":{"Est. reading time":"1 minute"},"schema":{"@context":"https:\/\/schema.org","@graph":[{"@type":"WebPage","@id":"https:\/\/ournormal.org\/en\/newsletter\/","url":"https:\/\/ournormal.org\/en\/newsletter\/","name":"Newsletter | Our normal","isPartOf":{"@id":"https:\/\/ournormal.org\/#website"},"primaryImageOfPage":{"@id":"https:\/\/ournormal.org\/en\/newsletter\/#primaryimage"},"image":{"@id":"https:\/\/ournormal.org\/en\/newsletter\/#primaryimage"},"thumbnailUrl":"https:\/\/ournormal.org\/wp-content\/uploads\/2025\/08\/new_thisis.jpg","datePublished":"2025-08-21T07:46:32+00:00","dateModified":"2025-11-11T22:09:00+00:00","breadcrumb":{"@id":"https:\/\/ournormal.org\/en\/newsletter\/#breadcrumb"},"inLanguage":"en-US","potentialAction":[{"@type":"ReadAction","target":["https:\/\/ournormal.org\/en\/newsletter\/"]}]},{"@type":"ImageObject","inLanguage":"en-US","@id":"https:\/\/ournormal.org\/en\/newsletter\/#primaryimage","url":"https:\/\/ournormal.org\/wp-content\/uploads\/2025\/08\/new_thisis.jpg","contentUrl":"https:\/\/ournormal.org\/wp-content\/uploads\/2025\/08\/new_thisis.jpg","width":1080,"height":816,"caption":"Barn och vuxna leker bland s\u00e5pbubblor p\u00e5 en utomhusscen"},{"@type":"BreadcrumbList","@id":"https:\/\/ournormal.org\/en\/newsletter\/#breadcrumb","itemListElement":[{"@type":"ListItem","position":1,"name":"Home","item":"https:\/\/ournormal.org\/en\/"},{"@type":"ListItem","position":2,"name":"Newsletter"}]},{"@type":"WebSite","@id":"https:\/\/ournormal.org\/#website","url":"https:\/\/ournormal.org\/","name":"Our normal","description":"Designing inclusion together","potentialAction":[{"@type":"SearchAction","target":{"@type":"EntryPoint","urlTemplate":"https:\/\/ournormal.org\/?s={search_term_string}"},"query-input":{"@type":"PropertyValueSpecification","valueRequired":true,"valueName":"search_term_string"}}],"inLanguage":"en-US"}]}},"_links":{"self":[{"href":"https:\/\/ournormal.org\/en\/wp-json\/wp\/v2\/pages\/2326","targetHints":{"allow":["GET"]}}],"collection":[{"href":"https:\/\/ournormal.org\/en\/wp-json\/wp\/v2\/pages"}],"about":[{"href":"https:\/\/ournormal.org\/en\/wp-json\/wp\/v2\/types\/page"}],"author":[{"embeddable":true,"href":"https:\/\/ournormal.org\/en\/wp-json\/wp\/v2\/users\/3"}],"replies":[{"embeddable":true,"href":"https:\/\/ournormal.org\/en\/wp-json\/wp\/v2\/comments?post=2326"}],"version-history":[{"count":3,"href":"https:\/\/ournormal.org\/en\/wp-json\/wp\/v2\/pages\/2326\/revisions"}],"predecessor-version":[{"id":2537,"href":"https:\/\/ournormal.org\/en\/wp-json\/wp\/v2\/pages\/2326\/revisions\/2537"}],"wp:featuredmedia":[{"embeddable":true,"href":"https:\/\/ournormal.org\/en\/wp-json\/wp\/v2\/media\/888"}],"wp:attachment":[{"href":"https:\/\/ournormal.org\/en\/wp-json\/wp\/v2\/media?parent=2326"}],"curies":[{"name":"wp","href":"https:\/\/api.w.org\/{rel}","templated":true}]}}