{"id":2340,"date":"2025-02-21T22:39:58","date_gmt":"2025-02-21T21:39:58","guid":{"rendered":"https:\/\/ournormal.org\/?page_id=2340"},"modified":"2025-11-11T22:08:05","modified_gmt":"2025-11-11T21:08:05","slug":"about-our-normal","status":"publish","type":"page","link":"https:\/\/ournormal.org\/en\/about-our-normal\/","title":{"rendered":"About Our Normal"},"content":{"rendered":"\n<figure class=\"wp-block-image size-large\"><img loading=\"lazy\" decoding=\"async\" width=\"1024\" height=\"820\" src=\"https:\/\/ournormal.org\/wp-content\/uploads\/2025\/04\/jenny-and-daughter-in-bubbles-1024x820.png\" alt=\"Bild p\u00e5 Jenny och dotter\" class=\"wp-image-570\" srcset=\"https:\/\/ournormal.org\/wp-content\/uploads\/2025\/04\/jenny-and-daughter-in-bubbles-1024x820.png 1024w, https:\/\/ournormal.org\/wp-content\/uploads\/2025\/04\/jenny-and-daughter-in-bubbles-768x615.png 768w, https:\/\/ournormal.org\/wp-content\/uploads\/2025\/04\/jenny-and-daughter-in-bubbles-300x240.png 300w, https:\/\/ournormal.org\/wp-content\/uploads\/2025\/04\/jenny-and-daughter-in-bubbles.png 1080w\" sizes=\"auto, (max-width: 1024px) 100vw, 1024px\" \/><figcaption class=\"wp-element-caption\">Jenny Lindstr\u00f6m Beijar is the founder of Our Normal Association. She has, among other things, been recognized as an <a href=\"https:\/\/www.ashoka.org\/en-in\/fellow\/jenny-lindstr%C3%B6m-beijar\">Ashoka Fellow<\/a> for her leadership in advancing systemic change for the inclusion of children and youth.<\/figcaption><\/figure>\n\n\n\n<section class=\"advanced-block\">\n\t<div class=\"container\">\n\t\t\t\t\t<div class=\"section-grid has-heading-items\">\n\t\t\t\t<div class=\"section-grid__logo col-1 \">\n\t\t\t\t\t\t\t\t\t\t\t\t\t\t\t\t\t\t\t\t<h2 class=\"advanced-block__title section-grid__title\">What is Our Normal?<\/h2>\n\t\t\t\t\t\t\t\t\t\t\t\t\t<\/div>\n\t\t\t\t<div class=\"advanced-block__heading section-grid__heading col-2\">\n\t\t\t\t\t\t\t\t\t\t\t\t\t\t\t\t<div class=\"section-grid__heading__preamble richtext\"><p>Our Normal began in 2017 \u2013 started by parents who missed a space to connect, share, and push for inclusion. So we built a digital platform where families with similar experiences can find each other. Today, we\u2019re a growing community helping shape a more inclusive everyday life and future.<\/p>\n<\/div>\n\t\t\t\t\t\t\t\t\t<\/div>\n\t\t\t\t\t\t\t<\/div>\n\t\t\t\t\t<\/div>\n<\/section>\n\n\n\n<section class=\"advanced-block\">\n\t<div class=\"container\">\n\t\t\t\t\t<div class=\"section-grid has-heading-items\">\n\t\t\t\t<div class=\"section-grid__logo col-1 \">\n\t\t\t\t\t\t\t\t\t\t\t\t\t\t\t\t\t\t\t\t<h2 class=\"advanced-block__title section-grid__title\">What we do<\/h2>\n\t\t\t\t\t\t\t\t\t\t\t\t\t<\/div>\n\t\t\t\t<div class=\"advanced-block__heading section-grid__heading col-2\">\n\t\t\t\t\t\t\t\t\t\t\t\t\t\t\t\t<div class=\"section-grid__heading__preamble richtext\"><p>We support companies and organizations \u2013 in both the public and private sectors \u2013 in turning inclusion into action. Through our work, we aim to help ensure that services, products, and environments are designed so that all children and families can access them on equal terms.<\/p>\n<\/div>\n\t\t\t\t\t\t\t\t\t<\/div>\n\t\t\t\t\t\t\t<\/div>\n\t\t\t\t\t<\/div>\n<\/section>\n\n\n\n<section class=\"advanced-block advanced-block--decorated\">\n\t<div class=\"container\">\n\t\t\t\t\t<div class=\"section-grid has-heading-items\">\n\t\t\t\t<div class=\"section-grid__logo col-1 \">\n\t\t\t\t\t\t\t\t\t\t\t\t\t\t\t\t\t\t\t\t<h2 class=\"advanced-block__title section-grid__title\">How we work<\/h2>\n\t\t\t\t\t\t\t\t\t\t\t\t\t<\/div>\n\t\t\t\t<div class=\"advanced-block__heading section-grid__heading col-2\">\n\t\t\t\t\t\t\t\t\t\t\t\t\t\t\t\t<div class=\"section-grid__heading__preamble richtext\"><p data-start=\"80\" data-end=\"380\">We combine expertise in universal design with knowledge of real needs. We know how to involve the target group \u2013 even in families where everyday life is often under pressure. With proven methods, clear structure, and a vibrant network, we lead user-centered design processes from insight to solution.<\/p>\n<p data-start=\"382\" data-end=\"564\">Read more about how we involve families through our <a href=\"https:\/\/ournormal.org\/for-familjer\/community-of-change-gor-din-rost-hord\/\">Community of Change,<\/a> and how we support companies and organizations through <a href=\"https:\/\/ournormal.org\/en\/for-foretag\/vad-ar-universell-design\/\">universal design<\/a> and our industry-specific <a href=\"https:\/\/ournormal.org\/en\/our-normal-design-lab\/\">Design Lab<\/a>.<\/p>\n<p data-start=\"566\" data-end=\"688\">Families can also connect and network with others via our <a href=\"https:\/\/ournormal.org\/for-familjer\/motesplats\/\">digital meeting platform<\/a>. It\u2019s free to join and use the service.<\/p>\n<\/div>\n\t\t\t\t\t\t\t\t\t<\/div>\n\t\t\t\t\t\t\t<\/div>\n\t\t\t\t\t<\/div>\n<\/section>\n\n\n\n<section class=\"person-grid\">\n\t<div class=\"container\">\n\t\t\t\t\t<div class=\"person-grid__heading has-logo\">\n\t\t\t\t\t\t\t\t\t<div class=\"person-grid__heading__logo\">\n\t\t\t\t\t\t<img decoding=\"async\" src=\"https:\/\/ournormal.org\/wp-content\/uploads\/2025\/02\/block_logo.svg\" class=\"attachment-full size-full\" alt=\"Hur jobbar Our Normal?\" \/>\t\t\t\t\t<\/div>\n\t\t\t\t\t\t\t\t\t\t\t\t\t<h2 class=''>Our team<\/h2>\n\t\t\t\t\t\t\t<\/div>\n\t\t\t\t\t\t\t<div class=\"person-grid__list\">\n\t\t\t\t\t\t\t\t\t<div class=\"person-grid__list__item\">\n\t\t\t\t\t\t\t\t\t\t\t\t\t\t\t\t\t\t\t<div class=\"person-grid__list__item__img\">\n\t\t\t\t\t\t\t\t<img loading=\"lazy\" decoding=\"async\" width=\"384\" height=\"440\" src=\"https:\/\/ournormal.org\/wp-content\/uploads\/2025\/10\/IMG_4290-384x440.jpg\" class=\"attachment-post-grid size-post-grid\" alt=\"\" srcset=\"https:\/\/ournormal.org\/wp-content\/uploads\/2025\/10\/IMG_4290-384x440.jpg 384w, https:\/\/ournormal.org\/wp-content\/uploads\/2025\/10\/IMG_4290-768x880.jpg 768w\" sizes=\"auto, (max-width: 384px) 100vw, 384px\" \/>\t\t\t\t\t\t\t<\/div>\n\t\t\t\t\t\t\t\t\t\t\t\t<div class=\"person-grid__list__item__info\">\n\t\t\t\t\t\t\t\t\t\t\t\t\t\t\t<h3 class=\"person-grid__list__item__info__title\">Jenny Lindstr\u00f6m Beijar<\/h3>\n\t\t\t\t\t\t\t\t\t\t\t\t\t\t\t\t\t\t\t\t\t\t<span class=\"person-grid__list__item__info__subtitle\">Founder<\/span>\n\t\t\t\t\t\t\t\t\t\t\t\t\t\t\t\t\t\t\t\t\t\t\t\t\t\t\t\t\t<p class=\"person-grid__list__item__info__link\">\n\t\t\t\t\t\t\t\t\t<a\n\tclass=\"btn btn--small\"\n\thref=\"https:\/\/www.linkedin.com\/in\/jennylbeijar\/\"\n\ttarget=\"_blank\"\n\t>\n\tLinkedin<\/a>\n\t\t\t\t\t\t\t\t<\/p>\n\t\t\t\t\t\t\t\t\t\t\t\t\t<\/div>\n\t\t\t\t\t<\/div>\n\t\t\t\t\t\t\t\t\t<div class=\"person-grid__list__item\">\n\t\t\t\t\t\t\t\t\t\t\t\t\t\t\t\t\t\t\t<div class=\"person-grid__list__item__img\">\n\t\t\t\t\t\t\t\t<img loading=\"lazy\" decoding=\"async\" width=\"384\" height=\"439\" src=\"https:\/\/ournormal.org\/wp-content\/uploads\/2025\/09\/Skarmavbild-2023-11-30-kl.-11.02.21-385x440.png\" class=\"attachment-post-grid size-post-grid\" alt=\"\" \/>\t\t\t\t\t\t\t<\/div>\n\t\t\t\t\t\t\t\t\t\t\t\t<div class=\"person-grid__list__item__info\">\n\t\t\t\t\t\t\t\t\t\t\t\t\t\t\t<h3 class=\"person-grid__list__item__info__title\">Linda Gr\u00e5dal<\/h3>\n\t\t\t\t\t\t\t\t\t\t\t\t\t\t\t\t\t\t\t\t\t\t<span class=\"person-grid__list__item__info__subtitle\">Board member<\/span>\n\t\t\t\t\t\t\t\t\t\t\t\t\t\t\t\t\t\t\t\t\t\t\t\t\t\t\t\t\t<p class=\"person-grid__list__item__info__link\">\n\t\t\t\t\t\t\t\t\t<a\n\tclass=\"btn btn--small\"\n\thref=\"https:\/\/www.linkedin.com\/in\/linda-gr%C3%A5dal-685b5753\/\"\n\ttarget=\"_blank\"\n\t>\n\tLinkedin<\/a>\n\t\t\t\t\t\t\t\t<\/p>\n\t\t\t\t\t\t\t\t\t\t\t\t\t<\/div>\n\t\t\t\t\t<\/div>\n\t\t\t\t\t\t\t\t\t<div class=\"person-grid__list__item\">\n\t\t\t\t\t\t\t\t\t\t\t\t\t\t\t\t\t\t\t<div class=\"person-grid__list__item__img\">\n\t\t\t\t\t\t\t\t<img loading=\"lazy\" decoding=\"async\" width=\"384\" height=\"439\" src=\"https:\/\/ournormal.org\/wp-content\/uploads\/2025\/09\/Q14H0689-385x440.jpg\" class=\"attachment-post-grid size-post-grid\" alt=\"\" \/>\t\t\t\t\t\t\t<\/div>\n\t\t\t\t\t\t\t\t\t\t\t\t<div class=\"person-grid__list__item__info\">\n\t\t\t\t\t\t\t\t\t\t\t\t\t\t\t<h3 class=\"person-grid__list__item__info__title\">Henning Werner<\/h3>\n\t\t\t\t\t\t\t\t\t\t\t\t\t\t\t\t\t\t\t\t\t\t<span class=\"person-grid__list__item__info__subtitle\">Board member<\/span>\n\t\t\t\t\t\t\t\t\t\t\t\t\t\t\t\t\t\t\t\t\t\t\t\t\t\t\t\t\t<p class=\"person-grid__list__item__info__link\">\n\t\t\t\t\t\t\t\t\t<a\n\tclass=\"btn btn--small\"\n\thref=\"https:\/\/www.linkedin.com\/in\/henning-verner-0395892a\/\"\n\ttarget=\"_blank\"\n\t>\n\tLinkedin<\/a>\n\t\t\t\t\t\t\t\t<\/p>\n\t\t\t\t\t\t\t\t\t\t\t\t\t<\/div>\n\t\t\t\t\t<\/div>\n\t\t\t\t\t\t\t\t\t<div class=\"person-grid__list__item\">\n\t\t\t\t\t\t\t\t\t\t\t\t\t\t\t\t\t\t\t<div class=\"person-grid__list__item__img\">\n\t\t\t\t\t\t\t\t<img loading=\"lazy\" decoding=\"async\" width=\"384\" height=\"439\" src=\"https:\/\/ournormal.org\/wp-content\/uploads\/2025\/09\/cv-bild-2-385x440.jpeg\" class=\"attachment-post-grid size-post-grid\" alt=\"\" \/>\t\t\t\t\t\t\t<\/div>\n\t\t\t\t\t\t\t\t\t\t\t\t<div class=\"person-grid__list__item__info\">\n\t\t\t\t\t\t\t\t\t\t\t\t\t\t\t<h3 class=\"person-grid__list__item__info__title\">Maja \u00d6dmann<\/h3>\n\t\t\t\t\t\t\t\t\t\t\t\t\t\t\t\t\t\t\t\t\t\t<span class=\"person-grid__list__item__info__subtitle\">Board member<\/span>\n\t\t\t\t\t\t\t\t\t\t\t\t\t\t\t\t\t\t\t\t\t\t\t\t\t\t\t\t\t<p class=\"person-grid__list__item__info__link\">\n\t\t\t\t\t\t\t\t\t<a\n\tclass=\"btn btn--small\"\n\thref=\"https:\/\/www.linkedin.com\/in\/maja-%C3%B6dmann-909075262\/\"\n\ttarget=\"_blank\"\n\t>\n\tLinkedin<\/a>\n\t\t\t\t\t\t\t\t<\/p>\n\t\t\t\t\t\t\t\t\t\t\t\t\t<\/div>\n\t\t\t\t\t<\/div>\n\t\t\t\t\t\t\t\t\t<div class=\"person-grid__list__item\">\n\t\t\t\t\t\t\t\t\t\t\t\t\t\t\t\t\t\t\t<div class=\"person-grid__list__item__img\">\n\t\t\t\t\t\t\t\t<img loading=\"lazy\" decoding=\"async\" width=\"384\" height=\"440\" src=\"https:\/\/ournormal.org\/wp-content\/uploads\/2025\/10\/CD19261C-825F-4315-B504-FD5B586AD80B-384x440.jpg\" class=\"attachment-post-grid size-post-grid\" alt=\"\" srcset=\"https:\/\/ournormal.org\/wp-content\/uploads\/2025\/10\/CD19261C-825F-4315-B504-FD5B586AD80B-384x440.jpg 384w, https:\/\/ournormal.org\/wp-content\/uploads\/2025\/10\/CD19261C-825F-4315-B504-FD5B586AD80B-768x880.jpg 768w\" sizes=\"auto, (max-width: 384px) 100vw, 384px\" \/>\t\t\t\t\t\t\t<\/div>\n\t\t\t\t\t\t\t\t\t\t\t\t<div class=\"person-grid__list__item__info\">\n\t\t\t\t\t\t\t\t\t\t\t\t\t\t\t<h3 class=\"person-grid__list__item__info__title\">Sara-Karolina Norrhede<\/h3>\n\t\t\t\t\t\t\t\t\t\t\t\t\t\t\t\t\t\t\t\t\t\t<span class=\"person-grid__list__item__info__subtitle\">Team member &#8211; communication<\/span>\n\t\t\t\t\t\t\t\t\t\t\t\t\t\t\t\t\t\t\t\t\t\t\t\t\t\t\t\t\t<p class=\"person-grid__list__item__info__link\">\n\t\t\t\t\t\t\t\t\t<a\n\tclass=\"btn btn--small\"\n\thref=\"https:\/\/www.linkedin.com\/in\/sara-karolina\/\"\n\ttarget=\"_blank\"\n\t>\n\tLinkedin<\/a>\n\t\t\t\t\t\t\t\t<\/p>\n\t\t\t\t\t\t\t\t\t\t\t\t\t<\/div>\n\t\t\t\t\t<\/div>\n\t\t\t\t\t\t\t<\/div>\n\t\t\t<\/div>\n<\/section>\n\n\n\n\n\n<section class=\"info-puff\">\n\t<div class=\"container\">\n\t\t\t\t\t<div class=\"info-puff__banner\">\n\t\t\t\t<img loading=\"lazy\" decoding=\"async\" width=\"1380\" height=\"776\" src=\"https:\/\/ournormal.org\/wp-content\/uploads\/2025\/04\/1-1-Our-Normal-Logo-Mark-Pattern-Crop-4-1-1380x776.png\" class=\"attachment-mini-banner size-mini-banner\" alt=\"\" srcset=\"https:\/\/ournormal.org\/wp-content\/uploads\/2025\/04\/1-1-Our-Normal-Logo-Mark-Pattern-Crop-4-1-1380x776.png 1380w, https:\/\/ournormal.org\/wp-content\/uploads\/2025\/04\/1-1-Our-Normal-Logo-Mark-Pattern-Crop-4-1-300x169.png 300w, https:\/\/ournormal.org\/wp-content\/uploads\/2025\/04\/1-1-Our-Normal-Logo-Mark-Pattern-Crop-4-1-1024x576.png 1024w, https:\/\/ournormal.org\/wp-content\/uploads\/2025\/04\/1-1-Our-Normal-Logo-Mark-Pattern-Crop-4-1-870x490.png 870w, https:\/\/ournormal.org\/wp-content\/uploads\/2025\/04\/1-1-Our-Normal-Logo-Mark-Pattern-Crop-4-1-1185x665.png 1185w, https:\/\/ournormal.org\/wp-content\/uploads\/2025\/04\/1-1-Our-Normal-Logo-Mark-Pattern-Crop-4-1.png 1920w\" sizes=\"auto, (max-width: 1380px) 100vw, 1380px\" \/>\t\t\t<\/div>\n\t\t\t\t<div class=\"info-puff__content center\">\n\t\t\t\t\t\t\t<h2 class=\"info-puff__content__title\">Questions?<\/h2>\n\t\t\t\t\t\t\t\t\t\t\t\t\t<div class=\"info-puff__content__description richtext\"><p>Reach out anytime \u2013 we\u2019ll get back to you soon!<\/p>\n<\/div>\n\t\t\t\t\t\t\t\t\t\t<a\n\tclass=\"btn\"\n\thref=\"https:\/\/ournormal.org\/en\/contact-us\/\"\n\ttarget=\"_self\"\n\t>\n\tGet in touch<\/a>\n\t\t\t\t\t<\/div>\n\t<\/div>\n<\/section>\n\n\n\n<section class=\"newsletter\">\n\t<div class=\"newsletter__wrapper section-grid\" style=\"background-color:#FFF3E1\">\n\t\t<div class=\"section-grid__logo col-1\">\n\t\t\t\t\t\t\t<img decoding=\"async\" src=\"https:\/\/ournormal.org\/wp-content\/uploads\/2025\/02\/nyhetsbrev.svg\" class=\"attachment-full size-full\" alt=\"Missa aldrig en viktig nyhet! Prenumerera p\u00e5 v\u00e5rt nyhetsbrev och h\u00e5ll dig uppdaterad.\" \/>\t\t\t\t\t\t\t\t\t\t<h2>Newsletter<\/h2>\n\t\t\t\t\t<\/div>\n\t\t<div class=\"newsletter__form col-2\">\n\t\t\t\t\t\t\t<div class=\"newsletter__form__content\">Don\u2019t miss a thing. Get the latest &#8211; you can opt out whenever you like.<\/div>\n\t\t\t\t\t\t\t\t\t\t<script>(function() {\n\twindow.mc4wp = window.mc4wp || {\n\t\tlisteners: [],\n\t\tforms: {\n\t\t\ton: function(evt, cb) {\n\t\t\t\twindow.mc4wp.listeners.push(\n\t\t\t\t\t{\n\t\t\t\t\t\tevent   : evt,\n\t\t\t\t\t\tcallback: cb\n\t\t\t\t\t}\n\t\t\t\t);\n\t\t\t}\n\t\t}\n\t}\n})();\n<\/script><!-- Mailchimp for WordPress v4.10.8 - https:\/\/wordpress.org\/plugins\/mailchimp-for-wp\/ --><form id=\"mc4wp-form-1\" class=\"mc4wp-form mc4wp-form-2433\" method=\"post\" data-id=\"2433\" data-name=\"Footer\" ><div class=\"mc4wp-form-fields\">  <div class=\"form-container\">\r\n    <p class=\"form-field\">\r\n      <input type=\"email\" id=\"email\" name=\"EMAIL\" placeholder=\"Email address\" required>\r\n      <label for=\"email\">Email address<\/label>\r\n    <\/p>\r\n\r\n    <fieldset class=\"checkbox-group\">\r\n      <legend>Approval<\/legend>\r\n      <p class=\"checkbox-field\">\r\n        <input type=\"checkbox\" id=\"agree\" name=\"AGREE_TO_TERMS\" value=\"1\" required>\r\n        <label for=\"agree\">\r\n            <span class=\"check-box\"><\/span>\r\n            I agree to\r\n        <\/label>\r\n        <a href=\"https:\/\/ournormal.org\/en\/privacy-policy\/\" target=\"_blank\" id=\"terms-link\">privacy policy<\/a>\r\n      <\/p>\r\n    <\/fieldset>\r\n <\/div>\r\n\r\n\r\n <p class=\"form-action\">\r\n    <button type=\"submit\" class=\"btn\">Subscribe<span style=\"display: inline-block; width: 0px; overflow: hidden; line-height: 0;\" data-mce-type=\"bookmark\" class=\"mce_SELRES_start\">\ufeff<\/span><\/button>\r\n<\/p><\/div><label style=\"display: none !important;\">Leave this field empty if you&#8217;re human: <input type=\"text\" name=\"_mc4wp_honeypot\" value=\"\" tabindex=\"-1\" autocomplete=\"off\" \/><\/label><input type=\"hidden\" name=\"_mc4wp_timestamp\" value=\"1776863668\" \/><input type=\"hidden\" name=\"_mc4wp_form_id\" value=\"2433\" \/><input type=\"hidden\" name=\"_mc4wp_form_element_id\" value=\"mc4wp-form-1\" \/><div class=\"mc4wp-response\"><\/div><\/form><!-- \/ Mailchimp for WordPress Plugin -->\t\t\t\t\t<\/div>\n\t<\/div>\n<\/section>\n\n\n\n<section class=\"partnership\" style=\"background-color:#F7C562\">\n\t<div class=\"container section-grid\">\n\t\t\t\t\t<div class=\"partnership__title col-1\"><h2>Funders and Sponsors<\/h2><\/div>\n\t\t\t\t<div class=\"partnership__content col-2\">\n\t\t\t\t\t\t\t\t\t\t<p class=\"partnership__content__preamble\">Thanks to our sponsors and funders \u2013 public and private \u2013 we can continue to make more voices heard. Want to be part of it? Let\u2019s talk!<\/p>\n\t\t\t\t\t\t\t\t\t\t<ul class=\"partnership__content__list\">\n\t\t\t\t\t\t\t\t\t\t\t\t\t\t\t\t\t\t\t\t\t\t\t\t\t\t\t\t\t\t<li class=\"partnership__content__list__item\">\n\t\t\t\t\t\t\t\t\t\t\t\t\t\t\t\t\t<img loading=\"lazy\" decoding=\"async\" width=\"300\" height=\"267\" src=\"https:\/\/ournormal.org\/wp-content\/uploads\/2025\/05\/ashoka-e1746777334805-300x267.png\" class=\"attachment-medium size-medium\" alt=\"\" srcset=\"https:\/\/ournormal.org\/wp-content\/uploads\/2025\/05\/ashoka-e1746777334805-300x267.png 300w, https:\/\/ournormal.org\/wp-content\/uploads\/2025\/05\/ashoka-e1746777334805-768x683.png 768w, https:\/\/ournormal.org\/wp-content\/uploads\/2025\/05\/ashoka-e1746777334805.png 800w\" sizes=\"auto, (max-width: 300px) 100vw, 300px\" \/>\t\t\t\t\t\t\t\t\t\t\t\t\t\t\t<\/li>\n\t\t\t\t\t\t\t\t\t\t\t\t\t\t\t\t\t\t\t\t\t\t\t\t\t\t\t\t\t\t\t\t\t\t\t\t<li class=\"partnership__content__list__item\">\n\t\t\t\t\t\t\t\t\t\t\t\t\t\t\t\t\t<img loading=\"lazy\" decoding=\"async\" width=\"300\" height=\"195\" src=\"https:\/\/ournormal.org\/wp-content\/uploads\/2025\/05\/logo-skandia-300x195.png\" class=\"attachment-medium size-medium\" alt=\"\" srcset=\"https:\/\/ournormal.org\/wp-content\/uploads\/2025\/05\/logo-skandia-300x195.png 300w, https:\/\/ournormal.org\/wp-content\/uploads\/2025\/05\/logo-skandia-768x499.png 768w, https:\/\/ournormal.org\/wp-content\/uploads\/2025\/05\/logo-skandia-1024x665.png 1024w, https:\/\/ournormal.org\/wp-content\/uploads\/2025\/05\/logo-skandia-1380x896.png 1380w, https:\/\/ournormal.org\/wp-content\/uploads\/2025\/05\/logo-skandia.png 1702w\" sizes=\"auto, (max-width: 300px) 100vw, 300px\" \/>\t\t\t\t\t\t\t\t\t\t\t\t\t\t\t<\/li>\n\t\t\t\t\t\t\t\t\t\t\t\t\t\t\t\t\t\t\t\t\t\t\t\t\t\t\t\t\t\t\t\t\t\t\t\t<li class=\"partnership__content__list__item\">\n\t\t\t\t\t\t\t\t\t\t\t\t\t\t\t\t\t<img loading=\"lazy\" decoding=\"async\" width=\"300\" height=\"114\" src=\"https:\/\/ournormal.org\/wp-content\/uploads\/2025\/05\/vinnovalogo-e1747048609881-300x114.png\" class=\"attachment-medium size-medium\" alt=\"\" srcset=\"https:\/\/ournormal.org\/wp-content\/uploads\/2025\/05\/vinnovalogo-e1747048609881-300x114.png 300w, https:\/\/ournormal.org\/wp-content\/uploads\/2025\/05\/vinnovalogo-e1747048609881-768x292.png 768w, https:\/\/ournormal.org\/wp-content\/uploads\/2025\/05\/vinnovalogo-e1747048609881.png 800w\" sizes=\"auto, (max-width: 300px) 100vw, 300px\" \/>\t\t\t\t\t\t\t\t\t\t\t\t\t\t\t<\/li>\n\t\t\t\t\t\t\t\t\t\t\t\t\t\t\t\t\t\t\t\t\t\t\t\t\t\t\t\t\t\t\t\t\t\t\t\t<li class=\"partnership__content__list__item\">\n\t\t\t\t\t\t\t\t\t\t\t\t\t\t\t\t\t<img loading=\"lazy\" decoding=\"async\" width=\"285\" height=\"300\" src=\"https:\/\/ournormal.org\/wp-content\/uploads\/2025\/08\/EN_co_fundedvertical_RGB_POS-285x300.png\" class=\"attachment-medium size-medium\" alt=\"\" srcset=\"https:\/\/ournormal.org\/wp-content\/uploads\/2025\/08\/EN_co_fundedvertical_RGB_POS-285x300.png 285w, https:\/\/ournormal.org\/wp-content\/uploads\/2025\/08\/EN_co_fundedvertical_RGB_POS-768x808.png 768w, https:\/\/ournormal.org\/wp-content\/uploads\/2025\/08\/EN_co_fundedvertical_RGB_POS.png 899w\" sizes=\"auto, (max-width: 285px) 100vw, 285px\" \/>\t\t\t\t\t\t\t\t\t\t\t\t\t\t\t<\/li>\n\t\t\t\t\t\t\t\t\t\t\t\t\t\t\t<\/ul>\n\t\t\t\t\t\t\t\t\t\t<a\n\tclass=\"btn btn--small\"\n\thref=\"https:\/\/ournormal.org\/en\/for-foretag\/finansiarer-och-sponsorer\/\"\n\ttarget=\"_self\"\n\t>\n\tRead more<\/a>\n\t\t\t\t\t<\/div>\n\t\t<div class=\"partnership__quotes col-3\">\n\t\t\t\t\t<\/div>\n\t<\/div>\n<\/section>\n","protected":false},"excerpt":{"rendered":"","protected":false},"author":3,"featured_media":0,"parent":0,"menu_order":0,"comment_status":"closed","ping_status":"closed","template":"","meta":{"_acf_changed":false,"footnotes":""},"class_list":["post-2340","page","type-page","status-publish","hentry"],"acf":[],"yoast_head":"<!-- This site is optimized with the Yoast SEO plugin v26.3 - https:\/\/yoast.com\/wordpress\/plugins\/seo\/ -->\n<title>About Our Normal | Our normal<\/title>\n<meta name=\"robots\" content=\"index, follow, max-snippet:-1, max-image-preview:large, max-video-preview:-1\" \/>\n<link rel=\"canonical\" href=\"https:\/\/ournormal.org\/en\/about-our-normal\/\" \/>\n<meta property=\"og:locale\" content=\"en_US\" \/>\n<meta property=\"og:type\" content=\"article\" \/>\n<meta property=\"og:title\" content=\"About Our Normal | Our normal\" \/>\n<meta property=\"og:url\" content=\"https:\/\/ournormal.org\/en\/about-our-normal\/\" \/>\n<meta property=\"og:site_name\" content=\"Our normal\" \/>\n<meta property=\"article:modified_time\" content=\"2025-11-11T21:08:05+00:00\" \/>\n<meta property=\"og:image\" content=\"https:\/\/ournormal.org\/wp-content\/uploads\/2025\/04\/jenny-and-daughter-in-bubbles.png\" \/>\n\t<meta property=\"og:image:width\" content=\"1080\" \/>\n\t<meta property=\"og:image:height\" content=\"865\" \/>\n\t<meta property=\"og:image:type\" content=\"image\/png\" \/>\n<meta name=\"twitter:card\" content=\"summary_large_image\" \/>\n<meta name=\"twitter:label1\" content=\"Est. reading time\" \/>\n\t<meta name=\"twitter:data1\" content=\"2 minutes\" \/>\n<script type=\"application\/ld+json\" class=\"yoast-schema-graph\">{\"@context\":\"https:\/\/schema.org\",\"@graph\":[{\"@type\":\"WebPage\",\"@id\":\"https:\/\/ournormal.org\/en\/about-our-normal\/\",\"url\":\"https:\/\/ournormal.org\/en\/about-our-normal\/\",\"name\":\"About Our Normal | Our normal\",\"isPartOf\":{\"@id\":\"https:\/\/ournormal.org\/#website\"},\"primaryImageOfPage\":{\"@id\":\"https:\/\/ournormal.org\/en\/about-our-normal\/#primaryimage\"},\"image\":{\"@id\":\"https:\/\/ournormal.org\/en\/about-our-normal\/#primaryimage\"},\"thumbnailUrl\":\"https:\/\/ournormal.org\/wp-content\/uploads\/2025\/04\/jenny-and-daughter-in-bubbles-1024x820.png\",\"datePublished\":\"2025-02-21T21:39:58+00:00\",\"dateModified\":\"2025-11-11T21:08:05+00:00\",\"breadcrumb\":{\"@id\":\"https:\/\/ournormal.org\/en\/about-our-normal\/#breadcrumb\"},\"inLanguage\":\"en-US\",\"potentialAction\":[{\"@type\":\"ReadAction\",\"target\":[\"https:\/\/ournormal.org\/en\/about-our-normal\/\"]}]},{\"@type\":\"ImageObject\",\"inLanguage\":\"en-US\",\"@id\":\"https:\/\/ournormal.org\/en\/about-our-normal\/#primaryimage\",\"url\":\"https:\/\/ournormal.org\/wp-content\/uploads\/2025\/04\/jenny-and-daughter-in-bubbles-1024x820.png\",\"contentUrl\":\"https:\/\/ournormal.org\/wp-content\/uploads\/2025\/04\/jenny-and-daughter-in-bubbles-1024x820.png\"},{\"@type\":\"BreadcrumbList\",\"@id\":\"https:\/\/ournormal.org\/en\/about-our-normal\/#breadcrumb\",\"itemListElement\":[{\"@type\":\"ListItem\",\"position\":1,\"name\":\"Home\",\"item\":\"https:\/\/ournormal.org\/en\/\"},{\"@type\":\"ListItem\",\"position\":2,\"name\":\"About Our Normal\"}]},{\"@type\":\"WebSite\",\"@id\":\"https:\/\/ournormal.org\/#website\",\"url\":\"https:\/\/ournormal.org\/\",\"name\":\"Our normal\",\"description\":\"Designing inclusion together\",\"potentialAction\":[{\"@type\":\"SearchAction\",\"target\":{\"@type\":\"EntryPoint\",\"urlTemplate\":\"https:\/\/ournormal.org\/?s={search_term_string}\"},\"query-input\":{\"@type\":\"PropertyValueSpecification\",\"valueRequired\":true,\"valueName\":\"search_term_string\"}}],\"inLanguage\":\"en-US\"}]}<\/script>\n<!-- \/ Yoast SEO plugin. -->","yoast_head_json":{"title":"About Our Normal | Our normal","robots":{"index":"index","follow":"follow","max-snippet":"max-snippet:-1","max-image-preview":"max-image-preview:large","max-video-preview":"max-video-preview:-1"},"canonical":"https:\/\/ournormal.org\/en\/about-our-normal\/","og_locale":"en_US","og_type":"article","og_title":"About Our Normal | Our normal","og_url":"https:\/\/ournormal.org\/en\/about-our-normal\/","og_site_name":"Our normal","article_modified_time":"2025-11-11T21:08:05+00:00","og_image":[{"width":1080,"height":865,"url":"https:\/\/ournormal.org\/wp-content\/uploads\/2025\/04\/jenny-and-daughter-in-bubbles.png","type":"image\/png"}],"twitter_card":"summary_large_image","twitter_misc":{"Est. reading time":"2 minutes"},"schema":{"@context":"https:\/\/schema.org","@graph":[{"@type":"WebPage","@id":"https:\/\/ournormal.org\/en\/about-our-normal\/","url":"https:\/\/ournormal.org\/en\/about-our-normal\/","name":"About Our Normal | Our normal","isPartOf":{"@id":"https:\/\/ournormal.org\/#website"},"primaryImageOfPage":{"@id":"https:\/\/ournormal.org\/en\/about-our-normal\/#primaryimage"},"image":{"@id":"https:\/\/ournormal.org\/en\/about-our-normal\/#primaryimage"},"thumbnailUrl":"https:\/\/ournormal.org\/wp-content\/uploads\/2025\/04\/jenny-and-daughter-in-bubbles-1024x820.png","datePublished":"2025-02-21T21:39:58+00:00","dateModified":"2025-11-11T21:08:05+00:00","breadcrumb":{"@id":"https:\/\/ournormal.org\/en\/about-our-normal\/#breadcrumb"},"inLanguage":"en-US","potentialAction":[{"@type":"ReadAction","target":["https:\/\/ournormal.org\/en\/about-our-normal\/"]}]},{"@type":"ImageObject","inLanguage":"en-US","@id":"https:\/\/ournormal.org\/en\/about-our-normal\/#primaryimage","url":"https:\/\/ournormal.org\/wp-content\/uploads\/2025\/04\/jenny-and-daughter-in-bubbles-1024x820.png","contentUrl":"https:\/\/ournormal.org\/wp-content\/uploads\/2025\/04\/jenny-and-daughter-in-bubbles-1024x820.png"},{"@type":"BreadcrumbList","@id":"https:\/\/ournormal.org\/en\/about-our-normal\/#breadcrumb","itemListElement":[{"@type":"ListItem","position":1,"name":"Home","item":"https:\/\/ournormal.org\/en\/"},{"@type":"ListItem","position":2,"name":"About Our Normal"}]},{"@type":"WebSite","@id":"https:\/\/ournormal.org\/#website","url":"https:\/\/ournormal.org\/","name":"Our normal","description":"Designing inclusion together","potentialAction":[{"@type":"SearchAction","target":{"@type":"EntryPoint","urlTemplate":"https:\/\/ournormal.org\/?s={search_term_string}"},"query-input":{"@type":"PropertyValueSpecification","valueRequired":true,"valueName":"search_term_string"}}],"inLanguage":"en-US"}]}},"_links":{"self":[{"href":"https:\/\/ournormal.org\/en\/wp-json\/wp\/v2\/pages\/2340","targetHints":{"allow":["GET"]}}],"collection":[{"href":"https:\/\/ournormal.org\/en\/wp-json\/wp\/v2\/pages"}],"about":[{"href":"https:\/\/ournormal.org\/en\/wp-json\/wp\/v2\/types\/page"}],"author":[{"embeddable":true,"href":"https:\/\/ournormal.org\/en\/wp-json\/wp\/v2\/users\/3"}],"replies":[{"embeddable":true,"href":"https:\/\/ournormal.org\/en\/wp-json\/wp\/v2\/comments?post=2340"}],"version-history":[{"count":5,"href":"https:\/\/ournormal.org\/en\/wp-json\/wp\/v2\/pages\/2340\/revisions"}],"predecessor-version":[{"id":2533,"href":"https:\/\/ournormal.org\/en\/wp-json\/wp\/v2\/pages\/2340\/revisions\/2533"}],"wp:attachment":[{"href":"https:\/\/ournormal.org\/en\/wp-json\/wp\/v2\/media?parent=2340"}],"curies":[{"name":"wp","href":"https:\/\/api.w.org\/{rel}","templated":true}]}}